{"id":817,"date":"2025-06-21T17:26:12","date_gmt":"2025-06-21T15:26:12","guid":{"rendered":"https:\/\/sug-data.com\/?page_id=817"},"modified":"2025-06-23T16:32:47","modified_gmt":"2025-06-23T14:32:47","slug":"investor-relations","status":"publish","type":"page","link":"https:\/\/sug-data.com\/de\/investor-relations\/","title":{"rendered":"Investor Relations"},"content":{"rendered":"\t\t<div data-elementor-type=\"wp-page\" data-elementor-id=\"817\" class=\"elementor elementor-817\" data-elementor-post-type=\"page\">\n\t\t\t\t\t\t<section class=\"elementor-section elementor-top-section elementor-element elementor-element-5a149bb5 elementor-section-boxed elementor-section-height-default elementor-section-height-default elementor-invisible\" data-id=\"5a149bb5\" data-element_type=\"section\" data-settings=\"{&quot;background_background&quot;:&quot;classic&quot;,&quot;animation&quot;:&quot;fadeIn&quot;}\">\n\t\t\t\t\t\t\t<div class=\"elementor-background-overlay\"><\/div>\n\t\t\t\t\t\t\t<div class=\"elementor-container elementor-column-gap-default\">\n\t\t\t\t\t<div class=\"elementor-column elementor-col-100 elementor-top-column elementor-element elementor-element-60742388\" data-id=\"60742388\" data-element_type=\"column\">\n\t\t\t<div class=\"elementor-widget-wrap elementor-element-populated\">\n\t\t\t\t\t\t<div class=\"elementor-element elementor-element-231c0cbb de_scroll_animation_no elementor-invisible elementor-widget elementor-widget-heading\" data-id=\"231c0cbb\" data-element_type=\"widget\" data-settings=\"{&quot;_animation&quot;:&quot;fadeInLeft&quot;}\" data-widget_type=\"heading.default\">\n\t\t\t\t<div class=\"elementor-widget-container\">\n\t\t\t\t\t<h1 class=\"elementor-heading-title elementor-size-default\">Investor Relations<\/h1>\t\t\t\t<\/div>\n\t\t\t\t<\/div>\n\t\t\t\t\t<\/div>\n\t\t<\/div>\n\t\t\t\t\t<\/div>\n\t\t<\/section>\n\t\t\t\t<section class=\"elementor-section elementor-top-section elementor-element elementor-element-7514b4c5 elementor-reverse-mobile elementor-section-boxed elementor-section-height-default elementor-section-height-default\" data-id=\"7514b4c5\" data-element_type=\"section\">\n\t\t\t\t\t\t<div class=\"elementor-container elementor-column-gap-default\">\n\t\t\t\t\t<div class=\"elementor-column elementor-col-50 elementor-top-column elementor-element elementor-element-52eb4732\" data-id=\"52eb4732\" data-element_type=\"column\">\n\t\t\t<div class=\"elementor-widget-wrap elementor-element-populated\">\n\t\t\t\t\t\t<div class=\"elementor-element elementor-element-76e251b2 de_scroll_animation_no elementor-invisible elementor-widget elementor-widget-heading\" data-id=\"76e251b2\" data-element_type=\"widget\" data-settings=\"{&quot;_animation&quot;:&quot;fadeInLeft&quot;}\" data-widget_type=\"heading.default\">\n\t\t\t\t<div class=\"elementor-widget-container\">\n\t\t\t\t\t<h2 class=\"elementor-heading-title elementor-size-default\">Investieren Sie in zukunftssichere digitale Infrastruktur.<\/h2>\t\t\t\t<\/div>\n\t\t\t\t<\/div>\n\t\t\t\t<div class=\"elementor-element elementor-element-3fd014d4 de_scroll_animation_no elementor-invisible elementor-widget elementor-widget-text-editor\" data-id=\"3fd014d4\" data-element_type=\"widget\" data-settings=\"{&quot;_animation&quot;:&quot;fadeInUp&quot;}\" data-widget_type=\"text-editor.default\">\n\t\t\t\t<div class=\"elementor-widget-container\">\n\t\t\t\t\t\t\t\t\t<div>Wir bieten Investoren die M\u00f6glichkeit, sich am Aufbau hochstandardisierter Rechenzentren zu beteiligen \u2013 inklusive Hosting und moderner IT-Dienstleistungen. Ihr Investment flie\u00dft direkt in die Finanzierung einer nachhaltigen, skalierbaren Infrastruktur mit stabilen Ertr\u00e4gen und echtem Zukunftspotenzial.<\/div>\t\t\t\t\t\t\t\t<\/div>\n\t\t\t\t<\/div>\n\t\t\t\t\t<\/div>\n\t\t<\/div>\n\t\t\t\t<div class=\"elementor-column elementor-col-50 elementor-top-column elementor-element elementor-element-7a4fa0fb\" data-id=\"7a4fa0fb\" data-element_type=\"column\">\n\t\t\t<div class=\"elementor-widget-wrap elementor-element-populated\">\n\t\t\t\t\t\t<div class=\"elementor-element elementor-element-19fda627 de_scroll_animation_no elementor-invisible elementor-widget elementor-widget-image\" data-id=\"19fda627\" data-element_type=\"widget\" data-settings=\"{&quot;_animation&quot;:&quot;fadeInRight&quot;}\" data-widget_type=\"image.default\">\n\t\t\t\t<div class=\"elementor-widget-container\">\n\t\t\t\t\t\t\t\t\t\t\t\t\t\t\t<img fetchpriority=\"high\" decoding=\"async\" width=\"2000\" height=\"1333\" src=\"https:\/\/sug-data.com\/de\/wp-content\/uploads\/2025\/06\/caucasian-businessman-making-a-handshake-together-while-stand-in-office-.jpg\" class=\"attachment-full size-full wp-image-819\" alt=\"Caucasian businessman making a handshake together while stand in office.\" srcset=\"https:\/\/sug-data.com\/de\/wp-content\/uploads\/2025\/06\/caucasian-businessman-making-a-handshake-together-while-stand-in-office-.jpg 2000w, https:\/\/sug-data.com\/de\/wp-content\/uploads\/2025\/06\/caucasian-businessman-making-a-handshake-together-while-stand-in-office--300x200.jpg 300w, https:\/\/sug-data.com\/de\/wp-content\/uploads\/2025\/06\/caucasian-businessman-making-a-handshake-together-while-stand-in-office--1024x682.jpg 1024w, https:\/\/sug-data.com\/de\/wp-content\/uploads\/2025\/06\/caucasian-businessman-making-a-handshake-together-while-stand-in-office--768x512.jpg 768w, https:\/\/sug-data.com\/de\/wp-content\/uploads\/2025\/06\/caucasian-businessman-making-a-handshake-together-while-stand-in-office--1536x1024.jpg 1536w\" sizes=\"(max-width: 2000px) 100vw, 2000px\" \/>\t\t\t\t\t\t\t\t\t\t\t\t\t\t\t<\/div>\n\t\t\t\t<\/div>\n\t\t\t\t\t<\/div>\n\t\t<\/div>\n\t\t\t\t\t<\/div>\n\t\t<\/section>\n\t\t\t\t<section class=\"elementor-section elementor-top-section elementor-element elementor-element-769e559d elementor-section-boxed elementor-section-height-default elementor-section-height-default\" data-id=\"769e559d\" data-element_type=\"section\" data-settings=\"{&quot;background_background&quot;:&quot;classic&quot;}\">\n\t\t\t\t\t\t\t<div class=\"elementor-background-overlay\"><\/div>\n\t\t\t\t\t\t\t<div class=\"elementor-container elementor-column-gap-default\">\n\t\t\t\t\t<div class=\"elementor-column elementor-col-100 elementor-top-column elementor-element elementor-element-32d1016b\" data-id=\"32d1016b\" data-element_type=\"column\">\n\t\t\t<div class=\"elementor-widget-wrap elementor-element-populated\">\n\t\t\t\t\t\t<div class=\"elementor-element elementor-element-67723f43 elementor-widget__width-auto de_scroll_animation_no elementor-invisible elementor-widget elementor-widget-heading\" data-id=\"67723f43\" data-element_type=\"widget\" data-settings=\"{&quot;_animation&quot;:&quot;fadeInLeft&quot;}\" data-widget_type=\"heading.default\">\n\t\t\t\t<div class=\"elementor-widget-container\">\n\t\t\t\t\t<h6 class=\"elementor-heading-title elementor-size-default\">digitale Infrastruktur<\/h6>\t\t\t\t<\/div>\n\t\t\t\t<\/div>\n\t\t\t\t<div class=\"elementor-element elementor-element-5e8786aa de_scroll_animation_no elementor-invisible elementor-widget elementor-widget-heading\" data-id=\"5e8786aa\" data-element_type=\"widget\" data-settings=\"{&quot;_animation&quot;:&quot;fadeInLeft&quot;}\" data-widget_type=\"heading.default\">\n\t\t\t\t<div class=\"elementor-widget-container\">\n\t\t\t\t\t<h2 class=\"elementor-heading-title elementor-size-default\">Durch unseren proaktiven Optimierungsansatz und den Einsatz modernster Technologien schaffen wir effiziente und zukunftsorientierte IT-L\u00f6sungen. Unser erfahrenes Team vereint tiefgreifendes Know-how in klassischen IT-Infrastrukturen mit aktueller Expertise in den Bereichen K\u00fcnstliche Intelligenz und Hyperscaler-Integration. <\/h2>\t\t\t\t<\/div>\n\t\t\t\t<\/div>\n\t\t\t\t<div class=\"elementor-element elementor-element-4fc62cf elementor-widget-divider--view-line_icon elementor-view-default elementor-widget-divider--element-align-center de_scroll_animation_no elementor-widget elementor-widget-divider\" data-id=\"4fc62cf\" data-element_type=\"widget\" data-widget_type=\"divider.default\">\n\t\t\t\t<div class=\"elementor-widget-container\">\n\t\t\t\t\t\t\t<div class=\"elementor-divider\">\n\t\t\t<span class=\"elementor-divider-separator\">\n\t\t\t\t\t\t\t<div class=\"elementor-icon elementor-divider__element\">\n\t\t\t\t\t<svg aria-hidden=\"true\" class=\"e-font-icon-svg e-fas-star\" viewBox=\"0 0 576 512\" xmlns=\"http:\/\/www.w3.org\/2000\/svg\"><path d=\"M259.3 17.8L194 150.2 47.9 171.5c-26.2 3.8-36.7 36.1-17.7 54.6l105.7 103-25 145.5c-4.5 26.3 23.2 46 46.4 33.7L288 439.6l130.7 68.7c23.2 12.2 50.9-7.4 46.4-33.7l-25-145.5 105.7-103c19-18.5 8.5-50.8-17.7-54.6L382 150.2 316.7 17.8c-11.7-23.6-45.6-23.9-57.4 0z\"><\/path><\/svg><\/div>\n\t\t\t\t\t\t<\/span>\n\t\t<\/div>\n\t\t\t\t\t\t<\/div>\n\t\t\t\t<\/div>\n\t\t\t\t<div class=\"elementor-element elementor-element-20ac481b elementor-widget-mobile__width-inherit de_scroll_animation_no elementor-invisible elementor-widget elementor-widget-icon-box\" data-id=\"20ac481b\" data-element_type=\"widget\" data-settings=\"{&quot;_animation&quot;:&quot;fadeInUp&quot;,&quot;_animation_delay&quot;:250}\" data-widget_type=\"icon-box.default\">\n\t\t\t\t<div class=\"elementor-widget-container\">\n\t\t\t\t\t\t\t<div class=\"elementor-icon-box-wrapper\">\n\n\t\t\t\n\t\t\t\t\t\t<div class=\"elementor-icon-box-content\">\n\n\t\t\t\t\t\t\t\t\t<h5 class=\"elementor-icon-box-title\">\n\t\t\t\t\t\t<span  >\n\t\t\t\t\t\t\tSo bieten wir Investoren Zugang zu einem dynamisch wachsenden Markt mit hoher technologischer \t\t\t\t\t\t<\/span>\n\t\t\t\t\t<\/h5>\n\t\t\t\t\n\t\t\t\t\t\t\t\t\t<p class=\"elementor-icon-box-description\">\n\t\t\t\t\t\tUnsere L\u00f6sungen sind nicht nur leistungsstark und skalierbar, sondern auch auf langfristige Effizienz ausgelegt. Dank nachhaltiger Infrastrukturplanung und energieeffizientem Betrieb kombinieren wir technologische Innovation mit \u00f6konomischer Verantwortung. Investoren profitieren von stabilen, planbaren Ertr\u00e4gen und einem Gesch\u00e4ftsmodell, das sowohl wirtschaftliche als auch \u00f6kologische Kriterien erf\u00fcllt.\t\t\t\t\t<\/p>\n\t\t\t\t\n\t\t\t<\/div>\n\t\t\t\n\t\t<\/div>\n\t\t\t\t\t\t<\/div>\n\t\t\t\t<\/div>\n\t\t\t\t\t<\/div>\n\t\t<\/div>\n\t\t\t\t\t<\/div>\n\t\t<\/section>\n\t\t\t\t<\/div>\n\t\t","protected":false},"excerpt":{"rendered":"<p>Investor Relations Investieren Sie in zukunftssichere digitale Infrastruktur. Wir bieten Investoren die M\u00f6glichkeit, sich am Aufbau hochstandardisierter Rechenzentren zu beteiligen \u2013 inklusive Hosting und moderner IT-Dienstleistungen. Ihr Investment flie\u00dft direkt in die Finanzierung einer nachhaltigen, skalierbaren Infrastruktur mit stabilen Ertr\u00e4gen und echtem Zukunftspotenzial. digitale Infrastruktur Durch unseren proaktiven Optimierungsansatz und den Einsatz modernster Technologien schaffen [&hellip;]<\/p>\n","protected":false},"author":2,"featured_media":0,"parent":0,"menu_order":0,"comment_status":"closed","ping_status":"closed","template":"elementor_header_footer","meta":{"footnotes":""},"class_list":["post-817","page","type-page","status-publish","hentry"],"_links":{"self":[{"href":"https:\/\/sug-data.com\/de\/wp-json\/wp\/v2\/pages\/817","targetHints":{"allow":["GET"]}}],"collection":[{"href":"https:\/\/sug-data.com\/de\/wp-json\/wp\/v2\/pages"}],"about":[{"href":"https:\/\/sug-data.com\/de\/wp-json\/wp\/v2\/types\/page"}],"author":[{"embeddable":true,"href":"https:\/\/sug-data.com\/de\/wp-json\/wp\/v2\/users\/2"}],"replies":[{"embeddable":true,"href":"https:\/\/sug-data.com\/de\/wp-json\/wp\/v2\/comments?post=817"}],"version-history":[{"count":13,"href":"https:\/\/sug-data.com\/de\/wp-json\/wp\/v2\/pages\/817\/revisions"}],"predecessor-version":[{"id":1023,"href":"https:\/\/sug-data.com\/de\/wp-json\/wp\/v2\/pages\/817\/revisions\/1023"}],"wp:attachment":[{"href":"https:\/\/sug-data.com\/de\/wp-json\/wp\/v2\/media?parent=817"}],"curies":[{"name":"wp","href":"https:\/\/api.w.org\/{rel}","templated":true}]}}