{"id":668,"date":"2025-06-21T00:53:14","date_gmt":"2025-06-20T22:53:14","guid":{"rendered":"https:\/\/sug-data.com\/?page_id=668"},"modified":"2026-03-10T15:42:19","modified_gmt":"2026-03-10T14:42:19","slug":"rechenzentrumsentwicklung","status":"publish","type":"page","link":"https:\/\/sug-data.com\/de\/rechenzentrumsentwicklung\/","title":{"rendered":"Rechenzentrumsentwicklung"},"content":{"rendered":"\t\t<div data-elementor-type=\"wp-page\" data-elementor-id=\"668\" class=\"elementor elementor-668\" data-elementor-post-type=\"page\">\n\t\t\t\t\t\t<section class=\"elementor-section elementor-top-section elementor-element elementor-element-5a149bb5 elementor-section-boxed elementor-section-height-default elementor-section-height-default elementor-invisible\" data-id=\"5a149bb5\" data-element_type=\"section\" data-settings=\"{&quot;background_background&quot;:&quot;video&quot;,&quot;animation&quot;:&quot;fadeIn&quot;,&quot;background_video_link&quot;:&quot;https:\\\/\\\/sug-data.com\\\/de\\\/wp-content\\\/uploads\\\/2025\\\/06\\\/network-server-room.mp4&quot;,&quot;background_play_on_mobile&quot;:&quot;yes&quot;}\">\n\t\t\t\t\t\t\t\t<div class=\"elementor-background-video-container\" aria-hidden=\"true\">\n\t\t\t\t\t\t\t\t\t\t\t\t\t<video class=\"elementor-background-video-hosted\" autoplay muted playsinline loop><\/video>\n\t\t\t\t\t\t\t\t\t\t\t<\/div>\n\t\t\t\t\t\t\t\t\t<div class=\"elementor-background-overlay\"><\/div>\n\t\t\t\t\t\t\t<div class=\"elementor-container elementor-column-gap-default\">\n\t\t\t\t\t<div class=\"elementor-column elementor-col-100 elementor-top-column elementor-element elementor-element-60742388\" data-id=\"60742388\" data-element_type=\"column\">\n\t\t\t<div class=\"elementor-widget-wrap elementor-element-populated\">\n\t\t\t\t\t\t<div class=\"elementor-element elementor-element-231c0cbb de_scroll_animation_no elementor-invisible elementor-widget elementor-widget-heading\" data-id=\"231c0cbb\" data-element_type=\"widget\" data-settings=\"{&quot;_animation&quot;:&quot;fadeInLeft&quot;}\" data-widget_type=\"heading.default\">\n\t\t\t\t<div class=\"elementor-widget-container\">\n\t\t\t\t\t<h1 class=\"elementor-heading-title elementor-size-default\">Rechenzentrumsentwicklung <\/h1>\t\t\t\t<\/div>\n\t\t\t\t<\/div>\n\t\t\t\t\t<\/div>\n\t\t<\/div>\n\t\t\t\t\t<\/div>\n\t\t<\/section>\n\t\t\t\t<section class=\"elementor-section elementor-top-section elementor-element elementor-element-7514b4c5 elementor-reverse-mobile elementor-section-boxed elementor-section-height-default elementor-section-height-default\" data-id=\"7514b4c5\" data-element_type=\"section\">\n\t\t\t\t\t\t<div class=\"elementor-container elementor-column-gap-default\">\n\t\t\t\t\t<div class=\"elementor-column elementor-col-50 elementor-top-column elementor-element elementor-element-52eb4732\" data-id=\"52eb4732\" data-element_type=\"column\">\n\t\t\t<div class=\"elementor-widget-wrap elementor-element-populated\">\n\t\t\t\t\t\t<div class=\"elementor-element elementor-element-6cd5a71b elementor-widget__width-auto de_scroll_animation_no elementor-invisible elementor-widget elementor-widget-heading\" data-id=\"6cd5a71b\" data-element_type=\"widget\" data-settings=\"{&quot;_animation&quot;:&quot;fadeInLeft&quot;}\" data-widget_type=\"heading.default\">\n\t\t\t\t<div class=\"elementor-widget-container\">\n\t\t\t\t\t<h6 class=\"elementor-heading-title elementor-size-default\">Rechenzentrumsentwicklung <\/h6>\t\t\t\t<\/div>\n\t\t\t\t<\/div>\n\t\t\t\t<div class=\"elementor-element elementor-element-76e251b2 de_scroll_animation_no elementor-invisible elementor-widget elementor-widget-heading\" data-id=\"76e251b2\" data-element_type=\"widget\" data-settings=\"{&quot;_animation&quot;:&quot;fadeInLeft&quot;}\" data-widget_type=\"heading.default\">\n\t\t\t\t<div class=\"elementor-widget-container\">\n\t\t\t\t\t<h2 class=\"elementor-heading-title elementor-size-default\">Wir entwickeln ISO-zertifizierte innovative Rechenzentren f\u00fcr die Zukunftstechnologien AI und Blockchain<\/h2>\t\t\t\t<\/div>\n\t\t\t\t<\/div>\n\t\t\t\t<div class=\"elementor-element elementor-element-3fd014d4 de_scroll_animation_no elementor-invisible elementor-widget elementor-widget-text-editor\" data-id=\"3fd014d4\" data-element_type=\"widget\" data-settings=\"{&quot;_animation&quot;:&quot;fadeInUp&quot;}\" data-widget_type=\"text-editor.default\">\n\t\t\t\t<div class=\"elementor-widget-container\">\n\t\t\t\t\t\t\t\t\t<div>Von der Planung und dem Design bis hin zum Bau und Betrieb bieten wir eine umfassende L\u00f6sung f\u00fcr EDGE- bis hin zu Hyperscaler-Rechenzentren.<\/div>\t\t\t\t\t\t\t\t<\/div>\n\t\t\t\t<\/div>\n\t\t\t\t\t<\/div>\n\t\t<\/div>\n\t\t\t\t<div class=\"elementor-column elementor-col-50 elementor-top-column elementor-element elementor-element-7a4fa0fb\" data-id=\"7a4fa0fb\" data-element_type=\"column\">\n\t\t\t<div class=\"elementor-widget-wrap elementor-element-populated\">\n\t\t\t\t\t\t<div class=\"elementor-element elementor-element-19fda627 de_scroll_animation_no elementor-invisible elementor-widget elementor-widget-image\" data-id=\"19fda627\" data-element_type=\"widget\" data-settings=\"{&quot;_animation&quot;:&quot;fadeInRight&quot;}\" data-widget_type=\"image.default\">\n\t\t\t\t<div class=\"elementor-widget-container\">\n\t\t\t\t\t\t\t\t\t\t\t\t\t\t\t<img fetchpriority=\"high\" decoding=\"async\" width=\"2560\" height=\"1709\" src=\"https:\/\/sug-data.com\/de\/wp-content\/uploads\/2025\/06\/server-room-data-center-networking-database-co-2025-04-27-12-19-06-utc-scaled.jpg\" class=\"attachment-full size-full wp-image-9\" alt=\"\" srcset=\"https:\/\/sug-data.com\/de\/wp-content\/uploads\/2025\/06\/server-room-data-center-networking-database-co-2025-04-27-12-19-06-utc-scaled.jpg 2560w, https:\/\/sug-data.com\/de\/wp-content\/uploads\/2025\/06\/server-room-data-center-networking-database-co-2025-04-27-12-19-06-utc-300x200.jpg 300w, https:\/\/sug-data.com\/de\/wp-content\/uploads\/2025\/06\/server-room-data-center-networking-database-co-2025-04-27-12-19-06-utc-1024x684.jpg 1024w, https:\/\/sug-data.com\/de\/wp-content\/uploads\/2025\/06\/server-room-data-center-networking-database-co-2025-04-27-12-19-06-utc-768x513.jpg 768w, https:\/\/sug-data.com\/de\/wp-content\/uploads\/2025\/06\/server-room-data-center-networking-database-co-2025-04-27-12-19-06-utc-1536x1026.jpg 1536w, https:\/\/sug-data.com\/de\/wp-content\/uploads\/2025\/06\/server-room-data-center-networking-database-co-2025-04-27-12-19-06-utc-2048x1368.jpg 2048w\" sizes=\"(max-width: 2560px) 100vw, 2560px\" \/>\t\t\t\t\t\t\t\t\t\t\t\t\t\t\t<\/div>\n\t\t\t\t<\/div>\n\t\t\t\t\t<\/div>\n\t\t<\/div>\n\t\t\t\t\t<\/div>\n\t\t<\/section>\n\t\t\t\t<section class=\"elementor-section elementor-top-section elementor-element elementor-element-769e559d elementor-section-boxed elementor-section-height-default elementor-section-height-default\" data-id=\"769e559d\" data-element_type=\"section\" data-settings=\"{&quot;background_background&quot;:&quot;video&quot;,&quot;background_video_link&quot;:&quot;https:\\\/\\\/sug-data.com\\\/de\\\/wp-content\\\/uploads\\\/2025\\\/06\\\/network-server-room.mp4&quot;,&quot;background_play_on_mobile&quot;:&quot;yes&quot;}\">\n\t\t\t\t\t\t\t\t<div class=\"elementor-background-video-container\" aria-hidden=\"true\">\n\t\t\t\t\t\t\t\t\t\t\t\t\t<video class=\"elementor-background-video-hosted\" autoplay muted playsinline loop><\/video>\n\t\t\t\t\t\t\t\t\t\t\t<\/div>\n\t\t\t\t\t\t\t\t\t<div class=\"elementor-background-overlay\"><\/div>\n\t\t\t\t\t\t\t<div class=\"elementor-container elementor-column-gap-default\">\n\t\t\t\t\t<div class=\"elementor-column elementor-col-100 elementor-top-column elementor-element elementor-element-32d1016b\" data-id=\"32d1016b\" data-element_type=\"column\">\n\t\t\t<div class=\"elementor-widget-wrap elementor-element-populated\">\n\t\t\t\t\t\t<div class=\"elementor-element elementor-element-67723f43 elementor-widget__width-auto de_scroll_animation_no elementor-invisible elementor-widget elementor-widget-heading\" data-id=\"67723f43\" data-element_type=\"widget\" data-settings=\"{&quot;_animation&quot;:&quot;fadeInLeft&quot;}\" data-widget_type=\"heading.default\">\n\t\t\t\t<div class=\"elementor-widget-container\">\n\t\t\t\t\t<h6 class=\"elementor-heading-title elementor-size-default\">Entwicklung<\/h6>\t\t\t\t<\/div>\n\t\t\t\t<\/div>\n\t\t\t\t<div class=\"elementor-element elementor-element-5e8786aa de_scroll_animation_no elementor-invisible elementor-widget elementor-widget-heading\" data-id=\"5e8786aa\" data-element_type=\"widget\" data-settings=\"{&quot;_animation&quot;:&quot;fadeInLeft&quot;}\" data-widget_type=\"heading.default\">\n\t\t\t\t<div class=\"elementor-widget-container\">\n\t\t\t\t\t<h2 class=\"elementor-heading-title elementor-size-default\">Unser Portfolio geht \u00fcber den Standard hinaus.<\/h2>\t\t\t\t<\/div>\n\t\t\t\t<\/div>\n\t\t\t\t<section class=\"elementor-section elementor-inner-section elementor-element elementor-element-15e44865 elementor-section-boxed elementor-section-height-default elementor-section-height-default\" data-id=\"15e44865\" data-element_type=\"section\">\n\t\t\t\t\t\t<div class=\"elementor-container elementor-column-gap-default\">\n\t\t\t\t\t<div class=\"elementor-column elementor-col-100 elementor-inner-column elementor-element elementor-element-6d4cbbd8\" data-id=\"6d4cbbd8\" data-element_type=\"column\">\n\t\t\t<div class=\"elementor-widget-wrap elementor-element-populated\">\n\t\t\t\t\t\t<div class=\"elementor-element elementor-element-20ac481b elementor-widget-mobile__width-inherit elementor-view-default elementor-position-top elementor-mobile-position-top de_scroll_animation_no elementor-invisible elementor-widget elementor-widget-icon-box\" data-id=\"20ac481b\" data-element_type=\"widget\" data-settings=\"{&quot;_animation&quot;:&quot;fadeInUp&quot;,&quot;_animation_delay&quot;:250}\" data-widget_type=\"icon-box.default\">\n\t\t\t\t<div class=\"elementor-widget-container\">\n\t\t\t\t\t\t\t<div class=\"elementor-icon-box-wrapper\">\n\n\t\t\t\t\t\t<div class=\"elementor-icon-box-icon\">\n\t\t\t\t<a href=\"#\" class=\"elementor-icon elementor-animation-float\" tabindex=\"-1\" aria-label=\"Wir entwickeln Infrastrukturen\">\n\t\t\t\t<i aria-hidden=\"true\" class=\"dticon dticon-contract-outline\"><\/i>\t\t\t\t<\/a>\n\t\t\t<\/div>\n\t\t\t\n\t\t\t\t\t\t<div class=\"elementor-icon-box-content\">\n\n\t\t\t\t\t\t\t\t\t<h5 class=\"elementor-icon-box-title\">\n\t\t\t\t\t\t<a href=\"#\" >\n\t\t\t\t\t\t\tWir entwickeln Infrastrukturen\t\t\t\t\t\t<\/a>\n\t\t\t\t\t<\/h5>\n\t\t\t\t\n\t\t\t\t\t\t\t\t\t<p class=\"elementor-icon-box-description\">\n\t\t\t\t\t\tdie exakt auf Ihre spezifischen Anforderungen und Standorte zugeschnitten sind. Durch unsere intelligente Supply-Chain-Steuerung gew\u00e4hrleisten wir einen zeitnahen Bau, der immer den Bed\u00fcrfnissen der Kunden entspricht.\t\t\t\t\t<\/p>\n\t\t\t\t\n\t\t\t<\/div>\n\t\t\t\n\t\t<\/div>\n\t\t\t\t\t\t<\/div>\n\t\t\t\t<\/div>\n\t\t\t\t<div class=\"elementor-element elementor-element-3c74cb36 elementor-widget-mobile__width-inherit elementor-view-default elementor-position-top elementor-mobile-position-top de_scroll_animation_no elementor-invisible elementor-widget elementor-widget-icon-box\" data-id=\"3c74cb36\" data-element_type=\"widget\" data-settings=\"{&quot;_animation&quot;:&quot;fadeInUp&quot;,&quot;_animation_delay&quot;:250}\" data-widget_type=\"icon-box.default\">\n\t\t\t\t<div class=\"elementor-widget-container\">\n\t\t\t\t\t\t\t<div class=\"elementor-icon-box-wrapper\">\n\n\t\t\t\t\t\t<div class=\"elementor-icon-box-icon\">\n\t\t\t\t<a href=\"#\" class=\"elementor-icon elementor-animation-float\" tabindex=\"-1\" aria-label=\"Die zugrunde liegenden Standards wurden so entwickelt\">\n\t\t\t\t<i aria-hidden=\"true\" class=\"icon icon-globe\"><\/i>\t\t\t\t<\/a>\n\t\t\t<\/div>\n\t\t\t\n\t\t\t\t\t\t<div class=\"elementor-icon-box-content\">\n\n\t\t\t\t\t\t\t\t\t<h5 class=\"elementor-icon-box-title\">\n\t\t\t\t\t\t<a href=\"#\" >\n\t\t\t\t\t\t\tDie zugrunde liegenden Standards wurden so entwickelt\t\t\t\t\t\t<\/a>\n\t\t\t\t\t<\/h5>\n\t\t\t\t\n\t\t\t\t\t\t\t\t\t<p class=\"elementor-icon-box-description\">\n\t\t\t\t\t\tdass sie weltweit einsetzbar sind \u2013 unabh\u00e4ngig von klimatischen, infrastrukturellen oder regionalen Gegebenheiten. Durch modular aufgebaute, standardisierte Bausteine l\u00e4sst sich die L\u00f6sung flexibel und standortunabh\u00e4ngig implementieren.\t\t\t\t\t<\/p>\n\t\t\t\t\n\t\t\t<\/div>\n\t\t\t\n\t\t<\/div>\n\t\t\t\t\t\t<\/div>\n\t\t\t\t<\/div>\n\t\t\t\t\t<\/div>\n\t\t<\/div>\n\t\t\t\t\t<\/div>\n\t\t<\/section>\n\t\t\t\t\t<\/div>\n\t\t<\/div>\n\t\t\t\t\t<\/div>\n\t\t<\/section>\n\t\t\t\t<\/div>\n\t\t","protected":false},"excerpt":{"rendered":"<p>Rechenzentrumsentwicklung Rechenzentrumsentwicklung Wir entwickeln ISO-zertifizierte innovative Rechenzentren f\u00fcr die Zukunftstechnologien AI und Blockchain Von der Planung und dem Design bis hin zum Bau und Betrieb bieten wir eine umfassende L\u00f6sung f\u00fcr EDGE- bis hin zu Hyperscaler-Rechenzentren. Entwicklung Unser Portfolio geht \u00fcber den Standard hinaus. Wir entwickeln Infrastrukturen die exakt auf Ihre spezifischen Anforderungen und Standorte [&hellip;]<\/p>\n","protected":false},"author":2,"featured_media":0,"parent":0,"menu_order":0,"comment_status":"closed","ping_status":"closed","template":"elementor_header_footer","meta":{"footnotes":""},"class_list":["post-668","page","type-page","status-publish","hentry"],"_links":{"self":[{"href":"https:\/\/sug-data.com\/de\/wp-json\/wp\/v2\/pages\/668","targetHints":{"allow":["GET"]}}],"collection":[{"href":"https:\/\/sug-data.com\/de\/wp-json\/wp\/v2\/pages"}],"about":[{"href":"https:\/\/sug-data.com\/de\/wp-json\/wp\/v2\/types\/page"}],"author":[{"embeddable":true,"href":"https:\/\/sug-data.com\/de\/wp-json\/wp\/v2\/users\/2"}],"replies":[{"embeddable":true,"href":"https:\/\/sug-data.com\/de\/wp-json\/wp\/v2\/comments?post=668"}],"version-history":[{"count":26,"href":"https:\/\/sug-data.com\/de\/wp-json\/wp\/v2\/pages\/668\/revisions"}],"predecessor-version":[{"id":1261,"href":"https:\/\/sug-data.com\/de\/wp-json\/wp\/v2\/pages\/668\/revisions\/1261"}],"wp:attachment":[{"href":"https:\/\/sug-data.com\/de\/wp-json\/wp\/v2\/media?parent=668"}],"curies":[{"name":"wp","href":"https:\/\/api.w.org\/{rel}","templated":true}]}}