{"id":343,"date":"2025-06-20T18:26:29","date_gmt":"2025-06-20T16:26:29","guid":{"rendered":"https:\/\/sug-data.com\/?page_id=343"},"modified":"2026-01-16T12:25:13","modified_gmt":"2026-01-16T11:25:13","slug":"impressum","status":"publish","type":"page","link":"https:\/\/sug-data.com\/de\/impressum\/","title":{"rendered":"Impressum"},"content":{"rendered":"\t\t<div data-elementor-type=\"wp-page\" data-elementor-id=\"343\" class=\"elementor elementor-343\" data-elementor-post-type=\"page\">\n\t\t\t\t<div class=\"elementor-element elementor-element-8a83562 e-flex e-con-boxed e-con e-parent\" data-id=\"8a83562\" data-element_type=\"container\" data-settings=\"{&quot;background_background&quot;:&quot;video&quot;,&quot;background_video_link&quot;:&quot;https:\\\/\\\/sug-data.com\\\/de\\\/wp-content\\\/uploads\\\/2025\\\/06\\\/abstact-globe.mp4&quot;,&quot;background_play_on_mobile&quot;:&quot;yes&quot;}\">\n\t\t\t\t\t<div class=\"e-con-inner\">\n\t\t<div class=\"elementor-background-video-container\" aria-hidden=\"true\">\n\t\t\t\t\t\t\t<video class=\"elementor-background-video-hosted\" autoplay muted playsinline loop><\/video>\n\t\t\t\t\t<\/div>\t\t<div class=\"elementor-element elementor-element-2886d28 elementor-widget-divider--view-line_icon elementor-view-default elementor-widget-divider--element-align-center de_scroll_animation_no elementor-widget elementor-widget-divider\" data-id=\"2886d28\" data-element_type=\"widget\" data-widget_type=\"divider.default\">\n\t\t\t\t<div class=\"elementor-widget-container\">\n\t\t\t\t\t\t\t<div class=\"elementor-divider\">\n\t\t\t<span class=\"elementor-divider-separator\">\n\t\t\t\t\t\t\t<div class=\"elementor-icon elementor-divider__element\">\n\t\t\t\t\t<i aria-hidden=\"true\" class=\"icon icon-server-8\"><\/i><\/div>\n\t\t\t\t\t\t<\/span>\n\t\t<\/div>\n\t\t\t\t\t\t<\/div>\n\t\t\t\t<\/div>\n\t\t\t\t<div class=\"elementor-element elementor-element-08d9c3d de_scroll_animation_no elementor-widget elementor-widget-heading\" data-id=\"08d9c3d\" data-element_type=\"widget\" data-widget_type=\"heading.default\">\n\t\t\t\t<div class=\"elementor-widget-container\">\n\t\t\t\t\t<h2 class=\"elementor-heading-title elementor-size-default\">Impressum<\/h2>\t\t\t\t<\/div>\n\t\t\t\t<\/div>\n\t\t\t\t<div class=\"elementor-element elementor-element-9c39b3f de_scroll_animation_no elementor-widget elementor-widget-text-editor\" data-id=\"9c39b3f\" data-element_type=\"widget\" data-widget_type=\"text-editor.default\">\n\t\t\t\t<div class=\"elementor-widget-container\">\n\t\t\t\t\t\t\t\t\t<p><strong>1. Angaben nach \u00a7 5 Abs. 1 Digitale-Dienste-Gesetz<br \/>\u200d<br \/>Anbieter:<\/strong><br \/>S&amp;G Data Center GmbH<\/p><p><strong>Rechtsform, Registrierung, Sitz:<br \/><\/strong>Die S&amp;G Data Center GmbH ist eine Gesellschaft mit beschr\u00e4nkter Haftung nach Ma\u00dfgabe des GmbH-Gesetzes mit Sitz in D\u00fcsseldorf, eingetragen im Handelsregister des Amtsgerichts D\u00fcsseldorf mit der Nummer HRB 105401<\/p><p><strong>Umsatzsteuer-Identifikationsnummer (\u00a7 27a Umsatzsteuergesetz):<br \/><\/strong>DE35194001<\/p><p><strong>Vertretungsberechtigte:<\/strong><br \/>Marc Pasdag<br \/>Philipp Bau\u00df<br \/>\u200d<br \/><strong>Kontakt:<\/strong><br \/>Europaallee 1<br \/>46047 Oberhausen<br \/>\u200d<br \/>E-Mail:\u00a0<a href=\"mailto:info@sug-data.com\">info@sug-data.com<\/a><br \/>Telefon: +49(0)208 \/ 306 658-00<br \/>Telefax: +49(0)208 \/ 306 658-99<br \/>Die f\u00fcr den Kontakt zur Verf\u00fcgung stehenden Sprachen sind: Deutsch und Englisch.<br \/>\u200d<br \/><strong>2. Weitere rechtliche Angaben<br \/>\u200d<\/strong><br \/><strong>Verantwortlicher f\u00fcr journalistisch-redaktionelle Inhalte (\u00a7 18 Abs. 2 Medienstaatsvertrag):<\/strong><br \/>Marc Pasdag<br \/>Europaallee 1<br \/>46047 Oberhausen<\/p><p><strong>Informationen zur au\u00dfergerichtlichen Streitbeilegung nach \u00a7 36 Verbraucherstreitbeilegungsgesetz:<br \/><\/strong>Die S&amp;G Group GmbH ist weder bereit noch verpflichtet an einem Streitbeilegungsverfahren vor einer Verbraucherschlichtungsstelle teilzunehmen.<br \/>\u200d<br \/><strong>3. Haftung<\/strong><br \/>\u200d<br \/>Wir sind f\u00fcr die Inhalte unserer Internetseiten nach den Ma\u00dfgaben der allgemeinen Gesetze verantwortlich. Alle Inhalte werden mit der gebotenen Sorgfalt und nach bestem Wissen erstellt. Soweit wir mittels Hyperlinks auf die Internetseiten von Dritten verweisen, k\u00f6nnen wir keine Gew\u00e4hr f\u00fcr deren Richtigkeit, Aktualit\u00e4t oder Vollst\u00e4ndigkeit \u00fcbernehmen, da diese au\u00dferhalb unseres Verantwortungsbereichs liegen und wir auf zuk\u00fcnftige Gestaltung keinen Einfluss haben.<\/p><p><strong>4. Urheberbezeichnung und Quellennachweis<\/strong><\/p><p>Die auf dieser Website verwendeten Bilder und Stockfotos sind lizenzfrei oder ordnungsgem\u00e4\u00df lizenziert. Die entsprechenden Nutzungsrechte liegen beim Betreiber der Website. Eine gesonderte Urheberkennzeichnung erfolgt nur, sofern dies gesetzlich oder lizenzrechtlich erforderlich ist.<\/p>\t\t\t\t\t\t\t\t<\/div>\n\t\t\t\t<\/div>\n\t\t\t\t<div class=\"elementor-element elementor-element-5f7ff3e de_scroll_animation_no elementor-invisible elementor-widget elementor-widget-metform\" data-id=\"5f7ff3e\" data-element_type=\"widget\" data-settings=\"{&quot;_animation&quot;:&quot;fadeInRight&quot;}\" data-widget_type=\"metform.default\">\n\t\t\t\t<div class=\"elementor-widget-container\">\n\t\t\t\t\t<div id=\"mf-response-props-id-351\" data-previous-steps-style=\"\" data-editswitchopen=\"\" data-response_type=\"alert\" data-erroricon=\"fas fa-exclamation-triangle\" data-successicon=\"fas fa-check\" data-messageposition=\"top\" class=\"   mf-scroll-top-no\">\n\t\t<div class=\"formpicker_warper formpicker_warper_editable\" data-metform-formpicker-key=\"351\" >\n\t\t\t\t\n\t\t\t<div class=\"mf-widget-container\">\n\t\t\t\t\r\n\t\t<div\r\n\t\t\tid=\"metform-wrap-5f7ff3e-351\"\r\n\t\t\tclass=\"mf-form-wrapper\"\r\n\t\t\tdata-form-id=\"351\"\r\n\t\t\tdata-action=\"https:\/\/sug-data.com\/de\/wp-json\/metform\/v1\/entries\/insert\/351\"\r\n\t\t\tdata-wp-nonce=\"7b9404784a\"\r\n\t\t\tdata-form-nonce=\"f16c41078b\"\r\n\t\t\tdata-quiz-summery = \"false\"\r\n\t\t\tdata-save-progress = \"false\"\r\n\t\t\tdata-form-type=\"general-form\"\r\n\t\t\tdata-stop-vertical-effect=\"\"\r\n\t\t\t><\/div>\r\n\r\n\r\n\t\t<!----------------------------- \r\n\t\t\t* controls_data : find the the props passed indie of data attribute\r\n\t\t\t* props.SubmitResponseMarkup : contains the markup of error or success message\r\n\t\t\t* https:\/\/developer.mozilla.org\/en-US\/docs\/Web\/JavaScript\/Reference\/Template_literals\r\n\t\t--------------------------- -->\r\n\r\n\t\t\t\t<script type=\"text\/mf\" class=\"mf-template\">\r\n\t\t\tfunction controls_data (value){\r\n\t\t\t\tlet currentWrapper = \"mf-response-props-id-351\";\r\n\t\t\t\tlet currentEl = document.getElementById(currentWrapper);\r\n\t\t\t\t\r\n\t\t\t\treturn currentEl ? currentEl.dataset[value] : false\r\n\t\t\t}\r\n\r\n\r\n\t\t\tlet is_edit_mode = '' ? true : false;\r\n\t\t\tlet message_position = controls_data('messageposition') || 'top';\r\n\r\n\t\t\t\r\n\t\t\tlet message_successIcon = controls_data('successicon') || '';\r\n\t\t\tlet message_errorIcon = controls_data('erroricon') || '';\r\n\t\t\tlet message_editSwitch = controls_data('editswitchopen') === 'yes' ? true : false;\r\n\t\t\tlet message_proClass = controls_data('editswitchopen') === 'yes' ? 'mf_pro_activated' : '';\r\n\t\t\t\r\n\t\t\tlet is_dummy_markup = is_edit_mode && message_editSwitch ? true : false;\r\n\r\n\t\t\t\r\n\t\t\treturn html`\r\n\t\t\t\t<form\r\n\t\t\t\t\tclassName=\"metform-form-content\"\r\n\t\t\t\t\tref=${parent.formContainerRef}\r\n\t\t\t\t\tonSubmit=${ validation.handleSubmit( parent.handleFormSubmit ) }\r\n\t\t\t\t\r\n\t\t\t\t\t>\r\n\t\t\t\r\n\t\t\t\r\n\t\t\t\t\t${is_dummy_markup ? message_position === 'top' ?  props.ResponseDummyMarkup(message_successIcon, message_proClass) : '' : ''}\r\n\t\t\t\t\t${is_dummy_markup ? ' ' :  message_position === 'top' ? props.SubmitResponseMarkup`${parent}${state}${message_successIcon}${message_errorIcon}${message_proClass}` : ''}\r\n\r\n\t\t\t\t\t<!--------------------------------------------------------\r\n\t\t\t\t\t*** IMPORTANT \/ DANGEROUS ***\r\n\t\t\t\t\t${html``} must be used as in immediate child of \"metform-form-main-wrapper\"\r\n\t\t\t\t\tclass otherwise multistep form will not run at all\r\n\t\t\t\t\t---------------------------------------------------------->\r\n\r\n\t\t\t\t\t<div className=\"metform-form-main-wrapper\" key=${'hide-form-after-submit'} ref=${parent.formRef}>\r\n\t\t\t\t\t${html`\r\n\t\t\t\t\t\t\t\t<div data-elementor-type=\"wp-post\" key=\"2\" data-elementor-id=\"351\" className=\"elementor elementor-351\" data-elementor-post-type=\"metform-form\">\n\t\t\t\t\t\t<section className=\"elementor-section elementor-top-section elementor-element elementor-element-26ea9738 elementor-section-full_width elementor-section-height-default elementor-section-height-default\" data-id=\"26ea9738\" data-element_type=\"section\">\n\t\t\t\t\t\t<div className=\"elementor-container elementor-column-gap-default\">\n\t\t\t\t\t<div className=\"elementor-column elementor-col-100 elementor-top-column elementor-element elementor-element-7c8f3e4b\" data-id=\"7c8f3e4b\" data-element_type=\"column\">\n\t\t\t<div className=\"elementor-widget-wrap elementor-element-populated\">\n\t\t\t\t\t\t<section className=\"elementor-section elementor-inner-section elementor-element elementor-element-6a37e2f9 elementor-section-full_width elementor-section-height-default elementor-section-height-default\" data-id=\"6a37e2f9\" data-element_type=\"section\">\n\t\t\t\t\t\t<div className=\"elementor-container elementor-column-gap-default\">\n\t\t\t\t\t<div className=\"elementor-column elementor-col-50 elementor-inner-column elementor-element elementor-element-1e243baf\" data-id=\"1e243baf\" data-element_type=\"column\">\n\t\t\t<div className=\"elementor-widget-wrap elementor-element-populated\">\n\t\t\t\t\t\t<div className=\"elementor-element elementor-element-763108f5 de_scroll_animation_no elementor-widget elementor-widget-mf-text\" data-id=\"763108f5\" data-element_type=\"widget\" data-settings=\"{&quot;mf_input_name&quot;:&quot;Ansprechperson&quot;}\" data-widget_type=\"mf-text.default\">\n\t\t\t\t<div className=\"elementor-widget-container\">\n\t\t\t\t\t\r\n\t\t<div className=\"mf-input-wrapper\">\r\n\t\t\t\t\t\t\t<label className=\"mf-input-label\" htmlFor=\"mf-input-text-763108f5\">\r\n\t\t\t\t\t${ parent.decodeEntities(`Ansprechperson`) } \t\t\t\t\t<span className=\"mf-input-required-indicator\">*<\/span>\r\n\t\t\t\t<\/label>\r\n\t\t\t\r\n\t\t\t<input\r\n\t\t\t\ttype=\"text\"\r\n\t\t\t\tclassName=\"mf-input mf-conditional-input\"\r\n\t\t\t\tid=\"mf-input-text-763108f5\"\r\n\t\t\t\tname=\"Ansprechperson\"\r\n\t\t\t\tplaceholder=\"${ parent.decodeEntities(`Ansprechperson`) } \"\r\n\t\t\t\t\t\t\t\t\tonInput=${parent.handleChange}\r\n\t\t\t\t\tonBlur=${parent.handleChange}\r\n\t\t\t\t\taria-invalid=${validation.errors['Ansprechperson'] ? 'true' : 'false'}\r\n\t\t\t\t\tref=${el =>{\r\n\t\t\t\t\t\t\t\t\t\t\t\tparent.activateValidation({\"message\":\"This field is required.\",\"minLength\":1,\"maxLength\":\"\",\"type\":\"none\",\"required\":true,\"expression\":\"null\"}, el)\r\n\t\t\t\t\t}}\r\n\t\t\t\t\t\t\t\t\/>\r\n\r\n\t\t\t\t\t\t\t<${validation.ErrorMessage}\r\n\t\t\t\t\terrors=${validation.errors}\r\n\t\t\t\t\tname=\"Ansprechperson\"\r\n\t\t\t\t\tas=${html`<span className=\"mf-error-message\"><\/span>`}\r\n\t\t\t\t\t\/>\r\n\t\t\t\r\n\t\t\t\t\t<\/div>\r\n\r\n\t\t\t\t\t\t<\/div>\n\t\t\t\t<\/div>\n\t\t\t\t\t<\/div>\n\t\t<\/div>\n\t\t\t\t<div className=\"elementor-column elementor-col-50 elementor-inner-column elementor-element elementor-element-24dd7809\" data-id=\"24dd7809\" data-element_type=\"column\">\n\t\t\t<div className=\"elementor-widget-wrap elementor-element-populated\">\n\t\t\t\t\t\t<div className=\"elementor-element elementor-element-184663a1 de_scroll_animation_no elementor-widget elementor-widget-mf-text\" data-id=\"184663a1\" data-element_type=\"widget\" data-settings=\"{&quot;mf_input_name&quot;:&quot;Unternehmensname&quot;}\" data-widget_type=\"mf-text.default\">\n\t\t\t\t<div className=\"elementor-widget-container\">\n\t\t\t\t\t\r\n\t\t<div className=\"mf-input-wrapper\">\r\n\t\t\t\t\t\t\t<label className=\"mf-input-label\" htmlFor=\"mf-input-text-184663a1\">\r\n\t\t\t\t\t${ parent.decodeEntities(`Unternehmensname`) } \t\t\t\t\t<span className=\"mf-input-required-indicator\">*<\/span>\r\n\t\t\t\t<\/label>\r\n\t\t\t\r\n\t\t\t<input\r\n\t\t\t\ttype=\"text\"\r\n\t\t\t\tclassName=\"mf-input mf-conditional-input\"\r\n\t\t\t\tid=\"mf-input-text-184663a1\"\r\n\t\t\t\tname=\"Unternehmensname\"\r\n\t\t\t\tplaceholder=\"${ parent.decodeEntities(`Unternehmensname`) } \"\r\n\t\t\t\t\t\t\t\t\tonInput=${parent.handleChange}\r\n\t\t\t\t\tonBlur=${parent.handleChange}\r\n\t\t\t\t\taria-invalid=${validation.errors['Unternehmensname'] ? 'true' : 'false'}\r\n\t\t\t\t\tref=${el =>{\r\n\t\t\t\t\t\t\t\t\t\t\t\tparent.activateValidation({\"message\":\"This field is required.\",\"minLength\":1,\"maxLength\":\"\",\"type\":\"none\",\"required\":true,\"expression\":\"null\"}, el)\r\n\t\t\t\t\t}}\r\n\t\t\t\t\t\t\t\t\/>\r\n\r\n\t\t\t\t\t\t\t<${validation.ErrorMessage}\r\n\t\t\t\t\terrors=${validation.errors}\r\n\t\t\t\t\tname=\"Unternehmensname\"\r\n\t\t\t\t\tas=${html`<span className=\"mf-error-message\"><\/span>`}\r\n\t\t\t\t\t\/>\r\n\t\t\t\r\n\t\t\t\t\t<\/div>\r\n\r\n\t\t\t\t\t\t<\/div>\n\t\t\t\t<\/div>\n\t\t\t\t\t<\/div>\n\t\t<\/div>\n\t\t\t\t\t<\/div>\n\t\t<\/section>\n\t\t\t\t<section className=\"elementor-section elementor-inner-section elementor-element elementor-element-3a62ea78 elementor-section-full_width elementor-section-height-default elementor-section-height-default\" data-id=\"3a62ea78\" data-element_type=\"section\">\n\t\t\t\t\t\t<div className=\"elementor-container elementor-column-gap-default\">\n\t\t\t\t\t<div className=\"elementor-column elementor-col-50 elementor-inner-column elementor-element elementor-element-2c9a43de\" data-id=\"2c9a43de\" data-element_type=\"column\">\n\t\t\t<div className=\"elementor-widget-wrap elementor-element-populated\">\n\t\t\t\t\t\t<div className=\"elementor-element elementor-element-47e25ccc de_scroll_animation_no elementor-widget elementor-widget-mf-email\" data-id=\"47e25ccc\" data-element_type=\"widget\" data-settings=\"{&quot;mf_input_name&quot;:&quot;Mailadresse&quot;}\" data-widget_type=\"mf-email.default\">\n\t\t\t\t<div className=\"elementor-widget-container\">\n\t\t\t\t\t\r\n\t\t<div className=\"mf-input-wrapper\">\r\n\t\t\t\t\t\t\t<label className=\"mf-input-label\" htmlFor=\"mf-input-email-47e25ccc\">\r\n\t\t\t\t\t${ parent.decodeEntities(`Mailadresse`) } \t\t\t\t\t<span className=\"mf-input-required-indicator\">*<\/span>\r\n\t\t\t\t<\/label>\r\n\t\t\t\r\n\t\t\t<input \r\n\t\t\t\ttype=\"email\" \r\n\t\t\t\t \r\n\t\t\t\tdefaultValue=\"\" \r\n\t\t\t\tclassName=\"mf-input mf-conditional-input\" \r\n\t\t\t\tid=\"mf-input-email-47e25ccc\" \r\n\t\t\t\tname=\"Mailadresse\" \r\n\t\t\t\tplaceholder=\"${ parent.decodeEntities(`Mailadresse`) } \" \r\n\t\t\t\t \r\n\t\t\t\tonBlur=${parent.handleChange} onFocus=${parent.handleChange} aria-invalid=${validation.errors['Mailadresse'] ? 'true' : 'false' } \r\n\t\t\t\tref=${el=> parent.activateValidation({\"message\":\"This field is required.\",\"emailMessage\":\"Please enter a valid Email address\",\"minLength\":1,\"maxLength\":\"\",\"type\":\"none\",\"required\":true,\"expression\":\"null\"}, el)}\r\n\t\t\t\t\t\t\t\/>\r\n\r\n\t\t\t\t\t\t<${validation.ErrorMessage} \r\n\t\t\t\terrors=${validation.errors} \r\n\t\t\t\tname=\"Mailadresse\" \r\n\t\t\t\tas=${html`<span className=\"mf-error-message\"><\/span>`}\r\n\t\t\t\/>\r\n\t\t\t\r\n\t\t\t\t\t<\/div>\r\n\r\n\t\t\t\t<\/div>\n\t\t\t\t<\/div>\n\t\t\t\t\t<\/div>\n\t\t<\/div>\n\t\t\t\t<div className=\"elementor-column elementor-col-50 elementor-inner-column elementor-element elementor-element-6a06381\" data-id=\"6a06381\" data-element_type=\"column\">\n\t\t\t<div className=\"elementor-widget-wrap elementor-element-populated\">\n\t\t\t\t\t\t<div className=\"elementor-element elementor-element-1d1654a de_scroll_animation_no elementor-widget elementor-widget-mf-text\" data-id=\"1d1654a\" data-element_type=\"widget\" data-settings=\"{&quot;mf_input_name&quot;:&quot;Telefonnummer_&quot;}\" data-widget_type=\"mf-text.default\">\n\t\t\t\t<div className=\"elementor-widget-container\">\n\t\t\t\t\t\r\n\t\t<div className=\"mf-input-wrapper\">\r\n\t\t\t\t\t\t\t<label className=\"mf-input-label\" htmlFor=\"mf-input-text-1d1654a\">\r\n\t\t\t\t\t${ parent.decodeEntities(`Telefonnummer `) } \t\t\t\t\t<span className=\"mf-input-required-indicator\">*<\/span>\r\n\t\t\t\t<\/label>\r\n\t\t\t\r\n\t\t\t<input\r\n\t\t\t\ttype=\"text\"\r\n\t\t\t\tclassName=\"mf-input mf-conditional-input\"\r\n\t\t\t\tid=\"mf-input-text-1d1654a\"\r\n\t\t\t\tname=\"Telefonnummer_\"\r\n\t\t\t\tplaceholder=\"${ parent.decodeEntities(`Telefonnummer`) } \"\r\n\t\t\t\t\t\t\t\t\tonInput=${parent.handleChange}\r\n\t\t\t\t\tonBlur=${parent.handleChange}\r\n\t\t\t\t\taria-invalid=${validation.errors['Telefonnummer_'] ? 'true' : 'false'}\r\n\t\t\t\t\tref=${el =>{\r\n\t\t\t\t\t\t\t\t\t\t\t\tparent.activateValidation({\"message\":\"This field is required.\",\"minLength\":1,\"maxLength\":\"\",\"type\":\"none\",\"required\":true,\"expression\":\"null\"}, el)\r\n\t\t\t\t\t}}\r\n\t\t\t\t\t\t\t\t\/>\r\n\r\n\t\t\t\t\t\t\t<${validation.ErrorMessage}\r\n\t\t\t\t\terrors=${validation.errors}\r\n\t\t\t\t\tname=\"Telefonnummer_\"\r\n\t\t\t\t\tas=${html`<span className=\"mf-error-message\"><\/span>`}\r\n\t\t\t\t\t\/>\r\n\t\t\t\r\n\t\t\t\t\t<\/div>\r\n\r\n\t\t\t\t\t\t<\/div>\n\t\t\t\t<\/div>\n\t\t\t\t\t<\/div>\n\t\t<\/div>\n\t\t\t\t\t<\/div>\n\t\t<\/section>\n\t\t\t\t<section className=\"elementor-section elementor-inner-section elementor-element elementor-element-1f6daab4 elementor-section-full_width elementor-section-height-default elementor-section-height-default\" data-id=\"1f6daab4\" data-element_type=\"section\">\n\t\t\t\t\t\t<div className=\"elementor-container elementor-column-gap-default\">\n\t\t\t\t\t<div className=\"elementor-column elementor-col-100 elementor-inner-column elementor-element elementor-element-54f54cbc\" data-id=\"54f54cbc\" data-element_type=\"column\">\n\t\t\t<div className=\"elementor-widget-wrap elementor-element-populated\">\n\t\t\t\t\t\t<div className=\"elementor-element elementor-element-20deb7b9 de_scroll_animation_no elementor-widget elementor-widget-mf-text\" data-id=\"20deb7b9\" data-element_type=\"widget\" data-settings=\"{&quot;mf_input_name&quot;:&quot;Betreff&quot;}\" data-widget_type=\"mf-text.default\">\n\t\t\t\t<div className=\"elementor-widget-container\">\n\t\t\t\t\t\r\n\t\t<div className=\"mf-input-wrapper\">\r\n\t\t\t\t\t\t\t<label className=\"mf-input-label\" htmlFor=\"mf-input-text-20deb7b9\">\r\n\t\t\t\t\t${ parent.decodeEntities(`Betreff`) } \t\t\t\t\t<span className=\"mf-input-required-indicator\">*<\/span>\r\n\t\t\t\t<\/label>\r\n\t\t\t\r\n\t\t\t<input\r\n\t\t\t\ttype=\"text\"\r\n\t\t\t\tclassName=\"mf-input mf-conditional-input\"\r\n\t\t\t\tid=\"mf-input-text-20deb7b9\"\r\n\t\t\t\tname=\"Betreff\"\r\n\t\t\t\tplaceholder=\"${ parent.decodeEntities(`wie k\u00f6nnen wir behilflich sein?`) } \"\r\n\t\t\t\t\t\t\t\t\tonInput=${parent.handleChange}\r\n\t\t\t\t\tonBlur=${parent.handleChange}\r\n\t\t\t\t\taria-invalid=${validation.errors['Betreff'] ? 'true' : 'false'}\r\n\t\t\t\t\tref=${el =>{\r\n\t\t\t\t\t\t\t\t\t\t\t\tparent.activateValidation({\"message\":\"This field is required.\",\"minLength\":1,\"maxLength\":\"\",\"type\":\"none\",\"required\":true,\"expression\":\"null\"}, el)\r\n\t\t\t\t\t}}\r\n\t\t\t\t\t\t\t\t\/>\r\n\r\n\t\t\t\t\t\t\t<${validation.ErrorMessage}\r\n\t\t\t\t\terrors=${validation.errors}\r\n\t\t\t\t\tname=\"Betreff\"\r\n\t\t\t\t\tas=${html`<span className=\"mf-error-message\"><\/span>`}\r\n\t\t\t\t\t\/>\r\n\t\t\t\r\n\t\t\t\t\t<\/div>\r\n\r\n\t\t\t\t\t\t<\/div>\n\t\t\t\t<\/div>\n\t\t\t\t<div className=\"elementor-element elementor-element-7e5c045e de_scroll_animation_no elementor-widget elementor-widget-mf-textarea\" data-id=\"7e5c045e\" data-element_type=\"widget\" data-settings=\"{&quot;mf_input_name&quot;:&quot;Anfrage&quot;}\" data-widget_type=\"mf-textarea.default\">\n\t\t\t\t<div className=\"elementor-widget-container\">\n\t\t\t\t\t\r\n\t\t<div className=\"mf-input-wrapper\">\r\n\t\t\t\t\t\t\t<label className=\"mf-input-label\" htmlFor=\"mf-input-text-area-7e5c045e\">\r\n\t\t\t\t\t${ parent.decodeEntities(`Anfrage`) } \t\t\t\t\t<span className=\"mf-input-required-indicator\">*<\/span>\r\n\t\t\t\t<\/label>\r\n\t\t\t\r\n\t\t\t<textarea className=\"mf-input mf-textarea mf-conditional-input\" id=\"mf-input-text-area-7e5c045e\"\r\n\t\t\t\tname=\"Anfrage\" \r\n\t\t\t\tplaceholder=\"${ parent.decodeEntities(`Nachricht`) } \"\r\n\t\t\t\tcols=\"30\" rows=\"10\"\r\n\t\t\t\t\t\t\t\t\tonInput=${ parent.handleChange }\r\n\t\t\t\t\taria-invalid=${validation.errors['Anfrage'] ? 'true' : 'false'}\r\n\t\t\t\t\tref=${ el => parent.activateValidation({\"message\":\"This field is required.\",\"minLength\":1,\"maxLength\":\"\",\"type\":\"none\",\"required\":true,\"expression\":\"null\"}, el)}\r\n\t\t\t\t\t\t\t\t><\/textarea>\r\n\r\n\t\t\t\t\t\t\t<${validation.ErrorMessage}\r\n\t\t\t\t\terrors=${validation.errors}\r\n\t\t\t\t\tname=\"Anfrage\"\r\n\t\t\t\t\tas=${html`<span className=\"mf-error-message\"><\/span>`}\r\n\t\t\t\t\t\/>\r\n\t\t\t\t\t\t\t\t<\/div>\r\n\r\n\t\t\t\t\t\t<\/div>\n\t\t\t\t<\/div>\n\t\t\t\t<div className=\"elementor-element elementor-element-a41fade de_scroll_animation_no elementor-widget elementor-widget-mf-recaptcha\" data-id=\"a41fade\" data-element_type=\"widget\" data-widget_type=\"mf-recaptcha.default\">\n\t\t\t\t<div className=\"elementor-widget-container\">\n\t\t\t\t\t\t\t<div className=\"mf-input-wrapper\">\n\t\t\t\t\t\t\t\t\n\t\t\t\t\t<div id=\"recaptcha_site_key_v3\" data-sitekey=\"6Ld07WorAAAAAOyH2MScSXCtlzRk187sNgyIFp4u\"  className=\"recaptcha_site_key_v3 \">\n\t\t\t\t\t\t<input type=\"hidden\" className=\"g-recaptcha-response-v3\" name=\"g-recaptcha-response-v3\" \/>\n\t\t\t\t\t<\/div>\n\t\t\t\t\t\n\t\t\t\t\t\t\t<\/div>\n\n\t\t\t\t\t\t<\/div>\n\t\t\t\t<\/div>\n\t\t\t\t<div className=\"elementor-element elementor-element-d3af341 mf-btn--justify elementor-widget__width-auto de_scroll_animation_no elementor-widget elementor-widget-mf-button\" data-id=\"d3af341\" data-element_type=\"widget\" data-widget_type=\"mf-button.default\">\n\t\t\t\t<div className=\"elementor-widget-container\">\n\t\t\t\t\t\t\t<div className=\"mf-btn-wraper mf-conditional-input\" data-mf-form-conditional-logic-requirement=\"\">\r\n\t\t\t\t\t\t\t<button type=\"submit\" className=\"metform-btn metform-submit-btn \" id=\"\">\r\n\t\t\t\t\t<span>${ parent.decodeEntities(`Nachricht Senden`) } <\/span>\r\n\t\t\t\t<\/button>\r\n\t\t\t        <\/div>\r\n        \t\t\t\t<\/div>\n\t\t\t\t<\/div>\n\t\t\t\t\t<\/div>\n\t\t<\/div>\n\t\t\t\t\t<\/div>\n\t\t<\/section>\n\t\t\t\t\t<\/div>\n\t\t<\/div>\n\t\t\t\t\t<\/div>\n\t\t<\/section>\n\t\t\t\t<\/div>\n\t\t\t\t\t\t\t`}\r\n\t\t\t\t\t<\/div>\r\n\r\n\t\t\t\t\t${is_dummy_markup ? message_position === 'bottom' ? props.ResponseDummyMarkup(message_successIcon, message_proClass) : '' : ''}\r\n\t\t\t\t\t${is_dummy_markup ? ' ' : message_position === 'bottom' ? props.SubmitResponseMarkup`${parent}${state}${message_successIcon}${message_errorIcon}${message_proClass}` : ''}\r\n\t\t\t\t\r\n\t\t\t\t<\/form>\r\n\t\t\t`\r\n\t\t<\/script>\r\n\r\n\t\t\t\t\t<\/div>\n\t\t<\/div>\n\t\t<\/div>\t\t\t\t<\/div>\n\t\t\t\t<\/div>\n\t\t\t\t\t<\/div>\n\t\t\t\t<\/div>\n\t\t\t\t<\/div>\n\t\t","protected":false},"excerpt":{"rendered":"<p>Impressum 1. Angaben nach \u00a7 5 Abs. 1 Digitale-Dienste-Gesetz\u200dAnbieter:S&amp;G Data Center GmbH Rechtsform, Registrierung, Sitz:Die S&amp;G Data Center GmbH ist eine Gesellschaft mit beschr\u00e4nkter Haftung nach Ma\u00dfgabe des GmbH-Gesetzes mit Sitz in D\u00fcsseldorf, eingetragen im Handelsregister des Amtsgerichts D\u00fcsseldorf mit der Nummer HRB 105401 Umsatzsteuer-Identifikationsnummer (\u00a7 27a Umsatzsteuergesetz):DE35194001 Vertretungsberechtigte:Marc PasdagPhilipp Bau\u00df\u200dKontakt:Europaallee 146047 Oberhausen\u200dE-Mail:\u00a0info@sug-data.comTelefon: +49(0)208 \/ [&hellip;]<\/p>\n","protected":false},"author":2,"featured_media":0,"parent":0,"menu_order":0,"comment_status":"closed","ping_status":"closed","template":"elementor_header_footer","meta":{"footnotes":""},"class_list":["post-343","page","type-page","status-publish","hentry"],"_links":{"self":[{"href":"https:\/\/sug-data.com\/de\/wp-json\/wp\/v2\/pages\/343","targetHints":{"allow":["GET"]}}],"collection":[{"href":"https:\/\/sug-data.com\/de\/wp-json\/wp\/v2\/pages"}],"about":[{"href":"https:\/\/sug-data.com\/de\/wp-json\/wp\/v2\/types\/page"}],"author":[{"embeddable":true,"href":"https:\/\/sug-data.com\/de\/wp-json\/wp\/v2\/users\/2"}],"replies":[{"embeddable":true,"href":"https:\/\/sug-data.com\/de\/wp-json\/wp\/v2\/comments?post=343"}],"version-history":[{"count":53,"href":"https:\/\/sug-data.com\/de\/wp-json\/wp\/v2\/pages\/343\/revisions"}],"predecessor-version":[{"id":1248,"href":"https:\/\/sug-data.com\/de\/wp-json\/wp\/v2\/pages\/343\/revisions\/1248"}],"wp:attachment":[{"href":"https:\/\/sug-data.com\/de\/wp-json\/wp\/v2\/media?parent=343"}],"curies":[{"name":"wp","href":"https:\/\/api.w.org\/{rel}","templated":true}]}}